{"id":15911,"date":"2020-08-24T23:13:22","date_gmt":"2020-08-24T23:13:22","guid":{"rendered":"https:\/\/evoww.com\/?page_id=15911"},"modified":"2020-08-25T17:03:04","modified_gmt":"2020-08-25T17:03:04","slug":"valorant-inscricoes","status":"publish","type":"page","link":"https:\/\/evoww.com\/index.php\/valorant-inscricoes\/","title":{"rendered":"Valorant Inscri\u00e7\u00f5es"},"content":{"rendered":"\n<p><span style=\"color:#000000\" class=\"has-inline-color\"><strong>Bem-vindo \u00e0s inscri\u00e7\u00f5es para o nosso primeiro torneio de valor. Temos o prazer de anunciar que o pr\u00eamio total para este torneio ser\u00e1 de $ 10.000. Este torneio est\u00e1 aberto a todos, ent\u00e3o certifique-se de reivindicar seu lugar agora! A classifica\u00e7\u00e3o n\u00e3o importa nem um pouco para n\u00f3s. Contanto que voc\u00ea seja capaz de passar nas eliminat\u00f3rias, voc\u00ea tem permiss\u00e3o para participar desta chance de ganhar $ 10.000!<\/strong><\/span><\/p>\n\n\n\n<div style=\"height:20px\" aria-hidden=\"true\" class=\"wp-block-spacer\"><\/div>\n\n\n\n<p><strong><span style=\"color:#000000\" class=\"has-inline-color\">QUALIFICADORES: Nas eliminat\u00f3rias, voc\u00ea jogar\u00e1 tr\u00eas partidas contra tr\u00eas oponentes escolhidos aleatoriamente pela equipe. No final de todas as partidas, apenas as 32 primeiras equipes com o maior n\u00famero de rodadas ganhas ir\u00e3o para o torneio. Portanto, considere cada rodada como se fosse o fator decisivo se voc\u00ea passar ou n\u00e3o.<\/span><\/strong><\/p>\n\n\n\n<p><strong>Link do Discord: <a href=\"https:\/\/discord.gg\/MrajFWs\"><span class=\"has-inline-color has-vivid-cyan-blue-color\">Clique aqui<\/span><\/a><\/strong><\/p>\n\n\n\n<div style=\"height:33px\" aria-hidden=\"true\" class=\"wp-block-spacer\"><\/div>\n\n\n\n<p><strong><span style=\"color:#000000\" class=\"has-inline-color\">TAXA DE ENTRADA: Gr\u00e1tis! Inscreva-se sem risco algum!<\/span><\/strong><\/p>\n\n\n\n<p><span style=\"color:#000000\" class=\"has-inline-color\"><strong>1st Lugar: 14,000 Reais<\/strong><\/span><\/p>\n\n\n\n<p><strong><span style=\"color:#000000\" class=\"has-inline-color\">2nd Lugar: 8,000 Reais<\/span><\/strong><\/p>\n\n\n\n<p><strong><span style=\"color:#000000\" class=\"has-inline-color\">3rd Lugar: 3.000 Reais<\/span><\/strong><\/p>\n\n\n\n<div style=\"height:20px\" aria-hidden=\"true\" class=\"wp-block-spacer\"><\/div>\n\n\n\n<p><strong><span style=\"color:#000000\" class=\"has-inline-color\">Os locais 4 a 8 receber\u00e3o mercadorias de nossos patrocinadores. Por exemplo, um teclado de cors\u00e1rio.<\/span><\/strong><\/p>\n\n\n\n<div style=\"height:20px\" aria-hidden=\"true\" class=\"wp-block-spacer\"><\/div>\n\n\n\n<p><strong><span style=\"color:#000000\" class=\"has-inline-color\">DATAS DE QUALIFICADOR: 1, 2, 3, 4 de Setembro<\/span><\/strong><\/p>\n\n\n\n<div style=\"height:20px\" aria-hidden=\"true\" class=\"wp-block-spacer\"><\/div>\n\n\n\n    <div class=\"wpf_form_wrapper wpf_form_wrapper_15909\">\n                                <form  data-wpf_form_id='15909' wpf_form_instance='wpf_form_instance_15909_1' class='wpf_form wpf_form_instance_15909_1 wpf_strip_default_style wpf_form_id_15909 wpf_label_top wpf_asterisk_none wpf_submit_button_pos_left wpf_default_form_styles' method='POST' action='https:\/\/evoww.com' id='wpf_form_id_15909' >\n                    <span style=\"display: none !important;\"><input type=\"checkbox\" name=\"item__15909__wppay_checkme_\" value=\"1\"\n                                                       style=\"display: none !important;\" tabindex=\"-1\"><\/span>\n                    <input type=\"hidden\" name=\"__wpf_form_id\" value=\"15909\"\/>\n            <input type=\"hidden\" name=\"__wpf_current_url\" value=\"https:\/\/evoww.com\/wp-json\/wp\/v2\/pages\/15911\">\n            <input type=\"hidden\" name=\"__wpf_current_page_id\" value=\"15911\">\n                                <div data-element_type=\"customer_name\"\n             class=\"wpf_form_group wpf_item_text\" style=\"display: \">\n                        <div class=\"wpf_input_label\">\n                <label  for=\"wpf_input_15909_customer_name\" >Nome de Time*<\/label>\n            <\/div>\n                    <div class=\"wpf_input_content\">\n                <input  data-required=\"yes\" data-type=\"input\" name=\"customer_name\" condition_id=\"customer_name\" placeholder=\"Nome de Time*\" value=\"\" type=\"text\" class=\"wpf_form_control\" id=\"wpf_input_15909_customer_name\" required=\"1\"  \/>\n            <\/div>\n        <\/div>\n                <div data-element_type=\"customer_email\"\n             class=\"wpf_form_group wpf_item_email\" style=\"display: \">\n                        <div class=\"wpf_input_label\">\n                <label  for=\"wpf_input_15909_customer_email\" >Endere\u00e7o de e-mail*<\/label>\n            <\/div>\n                    <div class=\"wpf_input_content\">\n                <input  data-required=\"yes\" data-type=\"input\" name=\"customer_email\" condition_id=\"customer_email\" placeholder=\"Endere\u00e7o de e-mail*\" value=\"\" type=\"email\" class=\"wpf_form_control wpf_customer_email\" id=\"wpf_input_15909_customer_email\" required=\"1\"  \/>\n            <\/div>\n        <\/div>\n                <div data-element_type=\"customer_name\"\n             class=\"wpf_form_group wpf_item_text\" style=\"display: \">\n                        <div class=\"wpf_input_label\">\n                <label  for=\"wpf_input_15909_customer_name_1\" >Usu\u00e1rio Discord*<\/label>\n            <\/div>\n                    <div class=\"wpf_input_content\">\n                <input  data-required=\"yes\" data-type=\"input\" name=\"customer_name_1\" condition_id=\"customer_name_1\" placeholder=\"Usu\u00e1rio Discord*\" value=\"\" type=\"text\" class=\"wpf_form_control\" id=\"wpf_input_15909_customer_name_1\" required=\"1\"  \/>\n            <\/div>\n        <\/div>\n                <div data-element_type=\"customer_name\"\n             class=\"wpf_form_group wpf_item_text\" style=\"display: \">\n                        <div class=\"wpf_input_label\">\n                <label  for=\"wpf_input_15909_customer_name_2\" >Riot ID*<\/label>\n            <\/div>\n                    <div class=\"wpf_input_content\">\n                <input  data-required=\"yes\" data-type=\"input\" name=\"customer_name_2\" condition_id=\"customer_name_2\" placeholder=\"Riot ID*\" value=\"\" type=\"text\" class=\"wpf_form_control\" id=\"wpf_input_15909_customer_name_2\" required=\"1\"  \/>\n            <\/div>\n        <\/div>\n                <div data-element_type=\"customer_name\"\n             class=\"wpf_form_group wpf_item_text\" style=\"display: \">\n                        <div class=\"wpf_input_label\">\n                <label  for=\"wpf_input_15909_customer_name_3\" >Pa\u00eds*<\/label>\n            <\/div>\n                    <div class=\"wpf_input_content\">\n                <input  data-required=\"yes\" data-type=\"input\" name=\"customer_name_3\" condition_id=\"customer_name_3\" placeholder=\"Pa\u00eds*\" value=\"\" type=\"text\" class=\"wpf_form_control\" id=\"wpf_input_15909_customer_name_3\" required=\"1\"  \/>\n            <\/div>\n        <\/div>\n                <div data-element_type=\"number\"\n             class=\"wpf_form_group wpf_item_number\" style=\"display: \">\n                        <div class=\"wpf_input_label\">\n                <label  for=\"wpf_input_15909_number\" >N\u00famero de telefone*<\/label>\n            <\/div>\n                    <div class=\"wpf_input_content\">\n                <input  data-required=\"yes\" data-type=\"input\" name=\"number\" condition_id=\"number\" placeholder=\"N\u00famero de telefone*\" value=\"\" type=\"number\" class=\"wpf_form_control\" id=\"wpf_input_15909_number\" required=\"1\"  \/>\n            <\/div>\n        <\/div>\n                    \n            \n            \n            <div class=\"wpf_form_group wpf_form_submissions\" style=\"margin-top: 20px;\">\n                <button  id='stripe_form_submit_15909' class='wpf_submit_button  wpf_full_block_btn' >\n                    <span class=\"wpf_txt_normal\">Sign Up<\/span>\n                    <span style=\"display: none;\" class=\"wpf_txt_loading\">\n                    Please Wait\u2026                <\/span>\n                <\/button>\n                <div class=\"wpf_loading_svg\">\n                    <svg version=\"1.1\" id=\"loader-1\" xmlns=\"http:\/\/www.w3.org\/2000\/svg\"\n                         xmlns:xlink=\"http:\/\/www.w3.org\/1999\/xlink\" x=\"0px\" y=\"0px\" width=\"30px\" height=\"30px\"\n                         viewBox=\"0 0 40 40\" enable-background=\"new 0 0 40 40\" xml:space=\"preserve\">\n                         <path opacity=\"0.2\"\n                            fill=\"#000\"\n                            d=\"M20.201,5.169c-8.254,0-14.946,6.692-14.946,14.946c0,8.255,6.692,14.946,14.946,14.946 s14.946-6.691,14.946-14.946C35.146,11.861,28.455,5.169,20.201,5.169z M20.201,31.749c-6.425,0-11.634-5.208-11.634-11.634 c0-6.425,5.209-11.634,11.634-11.634c6.425,0,11.633,5.209,11.633,11.634C31.834,26.541,26.626,31.749,20.201,31.749z\"\/>\n                        <path fill=\"#000\"\n                            d=\"M26.013,10.047l1.654-2.866c-2.198-1.272-4.743-2.012-7.466-2.012h0v3.312h0 C22.32,8.481,24.301,9.057,26.013,10.047z\">\n                            <animateTransform attributeType=\"xml\" attributeName=\"transform\" type=\"rotate\" from=\"0 20 20\"\n                                              to=\"360 20 20\" dur=\"0.5s\" repeatCount=\"indefinite\"\/>\n                        <\/path><\/svg>\n                <\/div>\n            <\/div>\n                    <\/form>\n                            <div style=\"display: none\" class=\"wpf_form_notices\"><\/div>\n                                    <\/div>\n\n        \n","protected":false},"excerpt":{"rendered":"<p>Bem-vindo \u00e0s inscri\u00e7\u00f5es para o nosso primeiro torneio de valor. Temos o prazer de anunciar que o pr\u00eamio total para este torneio ser\u00e1 de $ 10.000. Este torneio est\u00e1 aberto a todos, ent\u00e3o certifique-se de reivindicar seu lugar agora! A classifica\u00e7\u00e3o n\u00e3o importa nem um&#8230;<\/p>\n","protected":false},"author":2,"featured_media":0,"parent":0,"menu_order":0,"comment_status":"closed","ping_status":"closed","template":"","meta":{"_price":"","_stock":"","_tribe_ticket_header":"","_tribe_default_ticket_provider":"","_tribe_ticket_capacity":"0","_ticket_start_date":"","_ticket_end_date":"","_tribe_ticket_show_description":"","_tribe_ticket_show_not_going":false,"_tribe_ticket_use_global_stock":"","_tribe_ticket_global_stock_level":"","_global_stock_mode":"","_global_stock_cap":"","_tribe_rsvp_for_event":"","_tribe_ticket_going_count":"","_tribe_ticket_not_going_count":"","_tribe_tickets_list":[],"_tribe_ticket_has_attendee_info_fields":false},"_links":{"self":[{"href":"https:\/\/evoww.com\/index.php\/wp-json\/wp\/v2\/pages\/15911"}],"collection":[{"href":"https:\/\/evoww.com\/index.php\/wp-json\/wp\/v2\/pages"}],"about":[{"href":"https:\/\/evoww.com\/index.php\/wp-json\/wp\/v2\/types\/page"}],"author":[{"embeddable":true,"href":"https:\/\/evoww.com\/index.php\/wp-json\/wp\/v2\/users\/2"}],"replies":[{"embeddable":true,"href":"https:\/\/evoww.com\/index.php\/wp-json\/wp\/v2\/comments?post=15911"}],"version-history":[{"count":2,"href":"https:\/\/evoww.com\/index.php\/wp-json\/wp\/v2\/pages\/15911\/revisions"}],"predecessor-version":[{"id":15921,"href":"https:\/\/evoww.com\/index.php\/wp-json\/wp\/v2\/pages\/15911\/revisions\/15921"}],"wp:attachment":[{"href":"https:\/\/evoww.com\/index.php\/wp-json\/wp\/v2\/media?parent=15911"}],"curies":[{"name":"wp","href":"https:\/\/api.w.org\/{rel}","templated":true}]}}